{"id":702,"date":"2020-07-24T22:04:47","date_gmt":"2020-07-24T22:04:47","guid":{"rendered":"http:\/\/www.lojze.si\/spela\/?page_id=702"},"modified":"2020-07-25T05:39:26","modified_gmt":"2020-07-25T05:39:26","slug":"v-dezeli-krive-pete","status":"publish","type":"page","link":"http:\/\/www.lojze.si\/spela\/v-dezeli-krive-pete\/","title":{"rendered":"V de\u017eeli krive pete"},"content":{"rendered":"<div id=\"attachment_697\" style=\"width: 306px\" class=\"wp-caption alignright\"><img aria-describedby=\"caption-attachment-697\" decoding=\"async\" loading=\"lazy\" class=\"wp-image-697\" src=\"http:\/\/www.lojze.si\/spela\/wp-content\/uploads\/2020\/07\/DSC00953-199x300.jpg\" alt=\"\" width=\"296\" height=\"446\" srcset=\"http:\/\/www.lojze.si\/spela\/wp-content\/uploads\/2020\/07\/DSC00953-199x300.jpg 199w, http:\/\/www.lojze.si\/spela\/wp-content\/uploads\/2020\/07\/DSC00953-768x1156.jpg 768w, http:\/\/www.lojze.si\/spela\/wp-content\/uploads\/2020\/07\/DSC00953-680x1024.jpg 680w\" sizes=\"(max-width: 296px) 100vw, 296px\" \/><p id=\"caption-attachment-697\" class=\"wp-caption-text\">Kriva peta v obliki grafita<\/p><\/div>\n<p>Severovzhodno od \u010cedada se iz ravnice dvigajo gozdnata hribovja, iz katerih se najvi\u0161e bo\u010di Matajur, v ozadju pa pogled se\u017ee na slovensko stran do Krna in Kanina. Te odmaknjene dolinice Nadi\u017ee in njenih zamejskih pritokov, <a href=\"https:\/\/www.cividale.com\/it\/le_valli_del_natisone\">Valle di Natisone<\/a>, so skozi zgodovino bi\u010dale dolgoletne fronte, menjave kraljevin, dr\u017eav, ideologij, jezikov in kultur, a na strma pobo\u010dja stisnjene vasice so ohranile svoj zna\u010daj, samosvojo hribovsko identiteto in starodavna verovanja. Krivapeta je priljubljeni bajeslovni lik Nadi\u0161kih dolin, gozdna \u010darovnica z narobe obrnjenimi stopali in zelenimi lasmi, ki prebiva v jamah in lahko pri\u010dara neplodnost, debele kostanje ali ljubezen, v\u010dasih pa si postre\u017ee s kakim va\u0161kim otrokom.<\/p>\n<div id=\"attachment_691\" style=\"width: 310px\" class=\"wp-caption alignleft\"><img aria-describedby=\"caption-attachment-691\" decoding=\"async\" loading=\"lazy\" class=\"wp-image-691 size-medium\" src=\"http:\/\/www.lojze.si\/spela\/wp-content\/uploads\/2020\/07\/DSC00917-300x199.jpg\" alt=\"\" width=\"300\" height=\"199\" srcset=\"http:\/\/www.lojze.si\/spela\/wp-content\/uploads\/2020\/07\/DSC00917-300x199.jpg 300w, http:\/\/www.lojze.si\/spela\/wp-content\/uploads\/2020\/07\/DSC00917-768x510.jpg 768w, http:\/\/www.lojze.si\/spela\/wp-content\/uploads\/2020\/07\/DSC00917-1024x680.jpg 1024w\" sizes=\"(max-width: 300px) 100vw, 300px\" \/><p id=\"caption-attachment-691\" class=\"wp-caption-text\">Casa Krajnova v Oblizzi<\/p><\/div>\n<p>Na obisk teh magi\u010dnih krajev sta me povabila Vojko in Primo\u017e, ki ne obvladata le lokalnih legend, hribov in dolin, ampak tudi prav vsak koti\u010dek, kjer se da priti do tukaj\u0161njih tradicionalnih dobrot. Tako sem \u017ee kmalu po prihodu v Oblizzo dele\u017ena prave polente iz <a href=\"https:\/\/www.facebook.com\/anticomolinopussini\/\">bli\u017enjega mlina<\/a>, ki ji dru\u017ebo delajo marinirane sardele &#8220;na \u0161avor&#8221;. S hrib\u010dka nad vasjo se vidita Matajur in Krn, proti ve\u010deru pa v dramati\u010dnem vremenu z malo vi\u0161jega vrha zremo tudi proti morju na eni strani in Mangartu na drugi.\u00a0<img decoding=\"async\" loading=\"lazy\" class=\"size-medium wp-image-694 alignleft\" src=\"http:\/\/www.lojze.si\/spela\/wp-content\/uploads\/2020\/07\/DSC00933-300x199.jpg\" alt=\"\" width=\"300\" height=\"199\" srcset=\"http:\/\/www.lojze.si\/spela\/wp-content\/uploads\/2020\/07\/DSC00933-300x199.jpg 300w, http:\/\/www.lojze.si\/spela\/wp-content\/uploads\/2020\/07\/DSC00933-768x510.jpg 768w, http:\/\/www.lojze.si\/spela\/wp-content\/uploads\/2020\/07\/DSC00933-1024x680.jpg 1024w\" sizes=\"(max-width: 300px) 100vw, 300px\" \/><\/p>\n<div id=\"attachment_692\" style=\"width: 310px\" class=\"wp-caption alignright\"><img aria-describedby=\"caption-attachment-692\" decoding=\"async\" loading=\"lazy\" class=\"wp-image-692 size-medium\" src=\"http:\/\/www.lojze.si\/spela\/wp-content\/uploads\/2020\/07\/DSC00947-300x199.jpg\" alt=\"\" width=\"300\" height=\"199\" srcset=\"http:\/\/www.lojze.si\/spela\/wp-content\/uploads\/2020\/07\/DSC00947-300x199.jpg 300w, http:\/\/www.lojze.si\/spela\/wp-content\/uploads\/2020\/07\/DSC00947-768x510.jpg 768w, http:\/\/www.lojze.si\/spela\/wp-content\/uploads\/2020\/07\/DSC00947-1024x680.jpg 1024w\" sizes=\"(max-width: 300px) 100vw, 300px\" \/><p id=\"caption-attachment-692\" class=\"wp-caption-text\">Sv. Martin<\/p><\/div>\n<p>Naslednjega dne Vojko splanira kro\u017eni pohod po hrib\u010dkih in vaseh okrog Garmaka (Grimacco), ki nas od Liese vodi mimo Platca na vrh Sv. Martina s cerkvico (987), nato pa prek Topolova, Seuc in Hlodi\u010da nazaj. Ker me moja krivopetni\u0161ka nrav preve\u010d vle\u010de v hosto, ne obi\u0161\u010demo sirarskega muzeja v Platcu, zato pa si odpo\u010dijemo ob cerkvici (<em>Zlo liepa cierkuca nareta okuole 1300 lieta, je go na varh brega od Svetega Martina. Blizu, je an kaman, ki se stor pomislit kua na\u0161 judie so branil na\u0161e doline od au\u0161triancu na odrila od 1848 lieta.<\/em>) in si ogledamo Tapolu\u0161ko vas (<em>Liepa vas gu briegu, miaz zelenih hosti, je nareta na \u0161pik<\/em>). Na koncu v rudarskem Hlodi\u010du spijemo La\u0161ko pivo in se vrnemo na ve\u010derjo domov v Oblizzo. Ko se naslednjega jutra vra\u010dam iz hribovske oaze, kjer ve\u010dino \u010dasa niti ni signala, se ustavim na vseh treh pomembnih to\u010dkah lokalne kulinari\u010dne tradicije, ki mi jih svetujeta gostitelja: v pekarni se oskrbim s tradicionalno <a href=\"https:\/\/it.wikipedia.org\/wiki\/Gubana\">gubano<\/a>, v tristo let starem <a href=\"https:\/\/www.facebook.com\/anticomolinopussini\/\">mlinu Pussini<\/a> kupim polento in moko, in nazadnje v zgolj sto let stari <a href=\"https:\/\/www.latteriacividale.it\/\">mlekarni<\/a> v \u010cedadu nabavim celo vrsto sirov in di\u0161e\u010dih salam. Ne gre druga\u010de, kot da celo pot do doma drobim kruh in kozji sir po volanu&#8230;<\/p>\n<p><img decoding=\"async\" loading=\"lazy\" class=\"wp-image-695 alignleft\" src=\"http:\/\/www.lojze.si\/spela\/wp-content\/uploads\/2020\/07\/DSC00920-300x199.jpg\" alt=\"\" width=\"383\" height=\"254\" srcset=\"http:\/\/www.lojze.si\/spela\/wp-content\/uploads\/2020\/07\/DSC00920-300x199.jpg 300w, http:\/\/www.lojze.si\/spela\/wp-content\/uploads\/2020\/07\/DSC00920-768x510.jpg 768w, http:\/\/www.lojze.si\/spela\/wp-content\/uploads\/2020\/07\/DSC00920-1024x680.jpg 1024w\" sizes=\"(max-width: 383px) 100vw, 383px\" \/><br \/>\n<img decoding=\"async\" loading=\"lazy\" class=\"wp-image-699 alignright\" src=\"http:\/\/www.lojze.si\/spela\/wp-content\/uploads\/2020\/07\/DSC00944-300x199.jpg\" alt=\"\" width=\"383\" height=\"254\" srcset=\"http:\/\/www.lojze.si\/spela\/wp-content\/uploads\/2020\/07\/DSC00944-300x199.jpg 300w, http:\/\/www.lojze.si\/spela\/wp-content\/uploads\/2020\/07\/DSC00944-768x510.jpg 768w, http:\/\/www.lojze.si\/spela\/wp-content\/uploads\/2020\/07\/DSC00944-1024x680.jpg 1024w\" sizes=\"(max-width: 383px) 100vw, 383px\" \/><img decoding=\"async\" loading=\"lazy\" class=\"wp-image-698 alignleft\" src=\"http:\/\/www.lojze.si\/spela\/wp-content\/uploads\/2020\/07\/DSC00935-300x199.jpg\" alt=\"\" width=\"383\" height=\"254\" srcset=\"http:\/\/www.lojze.si\/spela\/wp-content\/uploads\/2020\/07\/DSC00935-300x199.jpg 300w, http:\/\/www.lojze.si\/spela\/wp-content\/uploads\/2020\/07\/DSC00935-768x510.jpg 768w, http:\/\/www.lojze.si\/spela\/wp-content\/uploads\/2020\/07\/DSC00935-1024x680.jpg 1024w\" sizes=\"(max-width: 383px) 100vw, 383px\" \/><img decoding=\"async\" loading=\"lazy\" class=\"wp-image-701 alignright\" src=\"http:\/\/www.lojze.si\/spela\/wp-content\/uploads\/2020\/07\/DSC00951-300x199.jpg\" alt=\"\" width=\"383\" height=\"254\" srcset=\"http:\/\/www.lojze.si\/spela\/wp-content\/uploads\/2020\/07\/DSC00951-300x199.jpg 300w, http:\/\/www.lojze.si\/spela\/wp-content\/uploads\/2020\/07\/DSC00951-768x510.jpg 768w, http:\/\/www.lojze.si\/spela\/wp-content\/uploads\/2020\/07\/DSC00951-1024x680.jpg 1024w\" sizes=\"(max-width: 383px) 100vw, 383px\" \/><\/p>\n","protected":false},"excerpt":{"rendered":"<p>Severovzhodno od \u010cedada se iz ravnice dvigajo gozdnata hribovja, iz katerih se najvi\u0161e bo\u010di Matajur, v ozadju pa pogled se\u017ee na slovensko stran do Krna in Kanina. Te odmaknjene dolinice Nadi\u017ee in njenih zamejskih pritokov, Valle di Natisone, so skozi zgodovino bi\u010dale dolgoletne fronte, menjave kraljevin, dr\u017eav, ideologij, jezikov in kultur, a na strma pobo\u010dja [&hellip;]<\/p>\n","protected":false},"author":4,"featured_media":0,"parent":0,"menu_order":0,"comment_status":"closed","ping_status":"closed","template":"","meta":[],"_links":{"self":[{"href":"http:\/\/www.lojze.si\/spela\/wp-json\/wp\/v2\/pages\/702"}],"collection":[{"href":"http:\/\/www.lojze.si\/spela\/wp-json\/wp\/v2\/pages"}],"about":[{"href":"http:\/\/www.lojze.si\/spela\/wp-json\/wp\/v2\/types\/page"}],"author":[{"embeddable":true,"href":"http:\/\/www.lojze.si\/spela\/wp-json\/wp\/v2\/users\/4"}],"replies":[{"embeddable":true,"href":"http:\/\/www.lojze.si\/spela\/wp-json\/wp\/v2\/comments?post=702"}],"version-history":[{"count":11,"href":"http:\/\/www.lojze.si\/spela\/wp-json\/wp\/v2\/pages\/702\/revisions"}],"predecessor-version":[{"id":713,"href":"http:\/\/www.lojze.si\/spela\/wp-json\/wp\/v2\/pages\/702\/revisions\/713"}],"wp:attachment":[{"href":"http:\/\/www.lojze.si\/spela\/wp-json\/wp\/v2\/media?parent=702"}],"curies":[{"name":"wp","href":"https:\/\/api.w.org\/{rel}","templated":true}]}}