{"id":681,"date":"2020-07-15T11:39:14","date_gmt":"2020-07-15T11:39:14","guid":{"rendered":"http:\/\/www.lojze.si\/spela\/?page_id=681"},"modified":"2020-07-15T17:21:04","modified_gmt":"2020-07-15T17:21:04","slug":"mangart-in-posocje","status":"publish","type":"page","link":"http:\/\/www.lojze.si\/spela\/mangart-in-posocje\/","title":{"rendered":"Mangart in Poso\u010dje"},"content":{"rendered":"<p>Ker je treba porabit turisti\u010dne bone in ker je Svit pravkar zaklju\u010dil tabor v \u010cezso\u010di, dobiva idejo, da ostaneva \u0161e dva dni v Bovcu in tam odplezava, kar je bli\u017enjih ferat. Izhodi\u0161\u010dni plan je ambiciozen &#8211; prvi dan Via Italiana in Slovenska na Mangart, drugi dan Prestreljenik skozi Prestreljeni\u0161ko okno. Najprej se z velikimi pri\u010dakovanji namestiva v Hotelu Mangart, ki svoje tri zvezdice tr\u017ei za 65\u20ac na osebo z zajtrkom. Dve no\u010ditvi tako brez te\u017eav skurita najina vav\u010derja, vendar upava, da bova vsaj dele\u017ena hotelskega razvajanja.<\/p>\n<div id=\"attachment_675\" style=\"width: 450px\" class=\"wp-caption alignleft\"><img aria-describedby=\"caption-attachment-675\" decoding=\"async\" loading=\"lazy\" class=\"wp-image-675 \" src=\"http:\/\/www.lojze.si\/spela\/wp-content\/uploads\/2020\/07\/DSC00863-300x199.jpg\" alt=\"\" width=\"440\" height=\"292\" srcset=\"http:\/\/www.lojze.si\/spela\/wp-content\/uploads\/2020\/07\/DSC00863-300x199.jpg 300w, http:\/\/www.lojze.si\/spela\/wp-content\/uploads\/2020\/07\/DSC00863-768x510.jpg 768w, http:\/\/www.lojze.si\/spela\/wp-content\/uploads\/2020\/07\/DSC00863-1024x680.jpg 1024w\" sizes=\"(max-width: 440px) 100vw, 440px\" \/><p id=\"caption-attachment-675\" class=\"wp-caption-text\">Kar nenadoma arkti\u010dne razmere<\/p><\/div>\n<p>Prvi zajtrk je razo\u010daranje, \u010deprav je Svit &#8211; ves sestradan od taborni\u0161ke kuhinje in pre\u017eivetja v naravi &#8211; nadvse zadovoljen. Vseeno nekako spodmaknem dve \u017eemlji s salamo v ruzak in potem ob spodobno zgodnji uri odrineva proti Mangartskemu sedlu. Tja prideva brez te\u017eav, vendar so razmere povsem zimske &#8211; zunaj je 8 stopinj, precej megleno in, ko se pe\u0161 bli\u017eava pravemu sedlu, vse bolj vetrovno. Tako skleneva, da \u0161tartava na vrh Mangarta, Via Italiano, do katere pa se je treba najprej spustiti do bivaka Nogara in potem izplezati malo nad sedlom, pa si pustiva morda za popoldne.<\/p>\n<p>Tako se podava po Slovenski proti vrhu, nikjer \u017eive du\u0161e, vidljivost je nikakva. Vstopiva v ferato in kmalu ugotoviva, da je zajla ledena in nama nohta od mraza.<\/p>\n<div id=\"attachment_676\" style=\"width: 445px\" class=\"wp-caption alignnone\"><img aria-describedby=\"caption-attachment-676\" decoding=\"async\" loading=\"lazy\" class=\"wp-image-676 \" src=\"http:\/\/www.lojze.si\/spela\/wp-content\/uploads\/2020\/07\/DSC00865-300x199.jpg\" alt=\"\" width=\"435\" height=\"288\" srcset=\"http:\/\/www.lojze.si\/spela\/wp-content\/uploads\/2020\/07\/DSC00865-300x199.jpg 300w, http:\/\/www.lojze.si\/spela\/wp-content\/uploads\/2020\/07\/DSC00865-768x510.jpg 768w, http:\/\/www.lojze.si\/spela\/wp-content\/uploads\/2020\/07\/DSC00865-1024x680.jpg 1024w\" sizes=\"(max-width: 435px) 100vw, 435px\" \/><p id=\"caption-attachment-676\" class=\"wp-caption-text\">Krasne stene in zmrznjeni Svit<\/p><\/div>\n<p>Vztrajava, Svit mastno preklinja. Vzpon se kar vle\u010de, \u010deprav se vmes na trenutke meglice razkadijo in je razgled fantasti\u010den, a ko dose\u017eeva vrh, se ne vidi popolnoma ni\u010d. Ker sva povsem sama in ni nikjer nikogar, se sku\u0161ava orientirati s pomo\u010djo zemljevidov in kreneva navzdol po italijanski poti.<\/p>\n<div id=\"attachment_679\" style=\"width: 462px\" class=\"wp-caption alignright\"><img aria-describedby=\"caption-attachment-679\" decoding=\"async\" loading=\"lazy\" class=\"wp-image-679 \" src=\"http:\/\/www.lojze.si\/spela\/wp-content\/uploads\/2020\/07\/DSC00872-300x199.jpg\" alt=\"\" width=\"452\" height=\"300\" srcset=\"http:\/\/www.lojze.si\/spela\/wp-content\/uploads\/2020\/07\/DSC00872-300x199.jpg 300w, http:\/\/www.lojze.si\/spela\/wp-content\/uploads\/2020\/07\/DSC00872-768x510.jpg 768w, http:\/\/www.lojze.si\/spela\/wp-content\/uploads\/2020\/07\/DSC00872-1024x680.jpg 1024w\" sizes=\"(max-width: 452px) 100vw, 452px\" \/><p id=\"caption-attachment-679\" class=\"wp-caption-text\">Pogled iz grape, kjer poteka Slovenska smer<\/p><\/div>\n<p>Tu zdaj je nekaj planincev, a \u0161ele ko prideva do prvega sne\u017ei\u0161\u010da, se mi posveti, zakaj je ta sicer priljubljeni vrh tako neobljuden &#8211; tudi obi\u010dajni pristop je \u0161e odet v sneg in bi po vseh pravilih zahteval zimsko opremo, vsaj dereze in cepin za varno pre\u010dkanje sne\u017ei\u0161\u010d. Z ostrim kamnom v roki se pogumno prebijeva prek vseh sitnih v sneg odetih pobo\u010dij. Ob\u010dutki so lepi, sploh ker na koncu pohoda u\u017eijeva dozico sonca in opazujeva Belope\u0161ka jezera dale\u010d spodaj.<\/p>\n<div id=\"attachment_671\" style=\"width: 458px\" class=\"wp-caption alignright\"><img aria-describedby=\"caption-attachment-671\" decoding=\"async\" loading=\"lazy\" class=\"wp-image-671 \" src=\"http:\/\/www.lojze.si\/spela\/wp-content\/uploads\/2020\/07\/DSC00879-300x199.jpg\" alt=\"\" width=\"448\" height=\"297\" srcset=\"http:\/\/www.lojze.si\/spela\/wp-content\/uploads\/2020\/07\/DSC00879-300x199.jpg 300w, http:\/\/www.lojze.si\/spela\/wp-content\/uploads\/2020\/07\/DSC00879-768x510.jpg 768w, http:\/\/www.lojze.si\/spela\/wp-content\/uploads\/2020\/07\/DSC00879-1024x680.jpg 1024w\" sizes=\"(max-width: 448px) 100vw, 448px\" \/><p id=\"caption-attachment-671\" class=\"wp-caption-text\">Povsem megleni vrh<\/p><\/div>\n<div id=\"attachment_674\" style=\"width: 344px\" class=\"wp-caption alignnone\"><img aria-describedby=\"caption-attachment-674\" decoding=\"async\" loading=\"lazy\" class=\"wp-image-674 \" src=\"http:\/\/www.lojze.si\/spela\/wp-content\/uploads\/2020\/07\/DSC00890-199x300.jpg\" alt=\"\" width=\"334\" height=\"504\" srcset=\"http:\/\/www.lojze.si\/spela\/wp-content\/uploads\/2020\/07\/DSC00890-199x300.jpg 199w, http:\/\/www.lojze.si\/spela\/wp-content\/uploads\/2020\/07\/DSC00890-768x1156.jpg 768w, http:\/\/www.lojze.si\/spela\/wp-content\/uploads\/2020\/07\/DSC00890-680x1024.jpg 680w\" sizes=\"(max-width: 334px) 100vw, 334px\" \/><p id=\"caption-attachment-674\" class=\"wp-caption-text\">Pogled na Via Italiano s sedla<\/p><\/div>\n<div id=\"attachment_678\" style=\"width: 465px\" class=\"wp-caption alignright\"><img aria-describedby=\"caption-attachment-678\" decoding=\"async\" loading=\"lazy\" class=\"wp-image-678 \" src=\"http:\/\/www.lojze.si\/spela\/wp-content\/uploads\/2020\/07\/DSC00892-300x199.jpg\" alt=\"\" width=\"455\" height=\"302\" srcset=\"http:\/\/www.lojze.si\/spela\/wp-content\/uploads\/2020\/07\/DSC00892-300x199.jpg 300w, http:\/\/www.lojze.si\/spela\/wp-content\/uploads\/2020\/07\/DSC00892-768x510.jpg 768w, http:\/\/www.lojze.si\/spela\/wp-content\/uploads\/2020\/07\/DSC00892-1024x680.jpg 1024w\" sizes=\"(max-width: 455px) 100vw, 455px\" \/><p id=\"caption-attachment-678\" class=\"wp-caption-text\">Ob slapu Virje<\/p><\/div>\n<div id=\"attachment_680\" style=\"width: 468px\" class=\"wp-caption alignright\"><img aria-describedby=\"caption-attachment-680\" decoding=\"async\" loading=\"lazy\" class=\"wp-image-680 \" src=\"http:\/\/www.lojze.si\/spela\/wp-content\/uploads\/2020\/07\/DSC00896-300x199.jpg\" alt=\"\" width=\"458\" height=\"304\" srcset=\"http:\/\/www.lojze.si\/spela\/wp-content\/uploads\/2020\/07\/DSC00896-300x199.jpg 300w, http:\/\/www.lojze.si\/spela\/wp-content\/uploads\/2020\/07\/DSC00896-768x510.jpg 768w, http:\/\/www.lojze.si\/spela\/wp-content\/uploads\/2020\/07\/DSC00896-1024x680.jpg 1024w\" sizes=\"(max-width: 458px) 100vw, 458px\" \/><p id=\"caption-attachment-680\" class=\"wp-caption-text\">Skriti tolmuni na vrhu slapa Virje<\/p><\/div>\n<div id=\"attachment_670\" style=\"width: 468px\" class=\"wp-caption alignleft\"><img aria-describedby=\"caption-attachment-670\" decoding=\"async\" loading=\"lazy\" class=\"wp-image-670 \" src=\"http:\/\/www.lojze.si\/spela\/wp-content\/uploads\/2020\/07\/DSC00899-300x199.jpg\" alt=\"\" width=\"458\" height=\"304\" srcset=\"http:\/\/www.lojze.si\/spela\/wp-content\/uploads\/2020\/07\/DSC00899-300x199.jpg 300w, http:\/\/www.lojze.si\/spela\/wp-content\/uploads\/2020\/07\/DSC00899-768x510.jpg 768w, http:\/\/www.lojze.si\/spela\/wp-content\/uploads\/2020\/07\/DSC00899-1024x680.jpg 1024w\" sizes=\"(max-width: 458px) 100vw, 458px\" \/><p id=\"caption-attachment-670\" class=\"wp-caption-text\">Oko gorske vile<\/p><\/div>\n<div id=\"attachment_662\" style=\"width: 316px\" class=\"wp-caption alignright\"><img aria-describedby=\"caption-attachment-662\" decoding=\"async\" loading=\"lazy\" class=\"wp-image-662 \" src=\"http:\/\/www.lojze.si\/spela\/wp-content\/uploads\/2020\/07\/DSC00904-199x300.jpg\" alt=\"\" width=\"306\" height=\"461\" srcset=\"http:\/\/www.lojze.si\/spela\/wp-content\/uploads\/2020\/07\/DSC00904-199x300.jpg 199w, http:\/\/www.lojze.si\/spela\/wp-content\/uploads\/2020\/07\/DSC00904-768x1156.jpg 768w, http:\/\/www.lojze.si\/spela\/wp-content\/uploads\/2020\/07\/DSC00904-680x1024.jpg 680w\" sizes=\"(max-width: 306px) 100vw, 306px\" \/><p id=\"caption-attachment-662\" class=\"wp-caption-text\">Slap Boka<\/p><\/div>\n<div id=\"attachment_664\" style=\"width: 468px\" class=\"wp-caption alignleft\"><img aria-describedby=\"caption-attachment-664\" decoding=\"async\" loading=\"lazy\" class=\"wp-image-664 \" src=\"http:\/\/www.lojze.si\/spela\/wp-content\/uploads\/2020\/07\/DSC00916-300x199.jpg\" alt=\"\" width=\"458\" height=\"304\" srcset=\"http:\/\/www.lojze.si\/spela\/wp-content\/uploads\/2020\/07\/DSC00916-300x199.jpg 300w, http:\/\/www.lojze.si\/spela\/wp-content\/uploads\/2020\/07\/DSC00916-768x510.jpg 768w, http:\/\/www.lojze.si\/spela\/wp-content\/uploads\/2020\/07\/DSC00916-1024x680.jpg 1024w\" sizes=\"(max-width: 458px) 100vw, 458px\" \/><p id=\"caption-attachment-664\" class=\"wp-caption-text\">e-lepota<\/p><\/div>\n<div id=\"attachment_673\" style=\"width: 310px\" class=\"wp-caption alignleft\"><img aria-describedby=\"caption-attachment-673\" decoding=\"async\" loading=\"lazy\" class=\"wp-image-673 size-medium\" src=\"http:\/\/www.lojze.si\/spela\/wp-content\/uploads\/2020\/07\/DSC00909-300x199.jpg\" alt=\"\" width=\"300\" height=\"199\" srcset=\"http:\/\/www.lojze.si\/spela\/wp-content\/uploads\/2020\/07\/DSC00909-300x199.jpg 300w, http:\/\/www.lojze.si\/spela\/wp-content\/uploads\/2020\/07\/DSC00909-768x510.jpg 768w, http:\/\/www.lojze.si\/spela\/wp-content\/uploads\/2020\/07\/DSC00909-1024x680.jpg 1024w\" sizes=\"(max-width: 300px) 100vw, 300px\" \/><p id=\"caption-attachment-673\" class=\"wp-caption-text\">So\u010da ob Kalu &#8211; Koritnici<\/p><\/div>\n<div id=\"attachment_665\" style=\"width: 310px\" class=\"wp-caption alignright\"><img aria-describedby=\"caption-attachment-665\" decoding=\"async\" loading=\"lazy\" class=\"wp-image-665 size-medium\" src=\"http:\/\/www.lojze.si\/spela\/wp-content\/uploads\/2020\/07\/DSC00913-300x199.jpg\" alt=\"\" width=\"300\" height=\"199\" srcset=\"http:\/\/www.lojze.si\/spela\/wp-content\/uploads\/2020\/07\/DSC00913-300x199.jpg 300w, http:\/\/www.lojze.si\/spela\/wp-content\/uploads\/2020\/07\/DSC00913-768x510.jpg 768w, http:\/\/www.lojze.si\/spela\/wp-content\/uploads\/2020\/07\/DSC00913-1024x680.jpg 1024w\" sizes=\"(max-width: 300px) 100vw, 300px\" \/><p id=\"caption-attachment-665\" class=\"wp-caption-text\">Velika korita So\u010de<\/p><\/div>\n<div id=\"attachment_667\" style=\"width: 310px\" class=\"wp-caption alignright\"><img aria-describedby=\"caption-attachment-667\" decoding=\"async\" loading=\"lazy\" class=\"wp-image-667 size-medium\" src=\"http:\/\/www.lojze.si\/spela\/wp-content\/uploads\/2020\/07\/DSC00901-300x199.jpg\" alt=\"\" width=\"300\" height=\"199\" srcset=\"http:\/\/www.lojze.si\/spela\/wp-content\/uploads\/2020\/07\/DSC00901-300x199.jpg 300w, http:\/\/www.lojze.si\/spela\/wp-content\/uploads\/2020\/07\/DSC00901-768x510.jpg 768w, http:\/\/www.lojze.si\/spela\/wp-content\/uploads\/2020\/07\/DSC00901-1024x680.jpg 1024w\" sizes=\"(max-width: 300px) 100vw, 300px\" \/><p id=\"caption-attachment-667\" class=\"wp-caption-text\">Huda stroja<\/p><\/div>\n<p>Naslednjega dne je zajtrk \u0161e slab\u0161i, \u010de je to sploh mogo\u010de. Ker so razmere v hribih o\u010ditno resne, spremeniva plan in najameva elektri\u010dna kolesa. Doslej sem se vselej ob omembi e-bajka vzvi\u0161eno namrdnila, vendar je predsodke treba zgrabiti za roge. Tako za roge zgrabiva dva huda stroja, ki nama v klancih pridno pomagata, sicer pa zagotavljam, da je \u010dlovek po skoraj 50 km gonjenja vseeno zmatran in primerno pretresen. Tudi od so\u0161kih lepot:)<\/p>\n","protected":false},"excerpt":{"rendered":"<p>Ker je treba porabit turisti\u010dne bone in ker je Svit pravkar zaklju\u010dil tabor v \u010cezso\u010di, dobiva idejo, da ostaneva \u0161e dva dni v Bovcu in tam odplezava, kar je bli\u017enjih ferat. Izhodi\u0161\u010dni plan je ambiciozen &#8211; prvi dan Via Italiana in Slovenska na Mangart, drugi dan Prestreljenik skozi Prestreljeni\u0161ko okno. Najprej se z velikimi pri\u010dakovanji [&hellip;]<\/p>\n","protected":false},"author":4,"featured_media":0,"parent":0,"menu_order":0,"comment_status":"closed","ping_status":"closed","template":"","meta":[],"_links":{"self":[{"href":"http:\/\/www.lojze.si\/spela\/wp-json\/wp\/v2\/pages\/681"}],"collection":[{"href":"http:\/\/www.lojze.si\/spela\/wp-json\/wp\/v2\/pages"}],"about":[{"href":"http:\/\/www.lojze.si\/spela\/wp-json\/wp\/v2\/types\/page"}],"author":[{"embeddable":true,"href":"http:\/\/www.lojze.si\/spela\/wp-json\/wp\/v2\/users\/4"}],"replies":[{"embeddable":true,"href":"http:\/\/www.lojze.si\/spela\/wp-json\/wp\/v2\/comments?post=681"}],"version-history":[{"count":7,"href":"http:\/\/www.lojze.si\/spela\/wp-json\/wp\/v2\/pages\/681\/revisions"}],"predecessor-version":[{"id":688,"href":"http:\/\/www.lojze.si\/spela\/wp-json\/wp\/v2\/pages\/681\/revisions\/688"}],"wp:attachment":[{"href":"http:\/\/www.lojze.si\/spela\/wp-json\/wp\/v2\/media?parent=681"}],"curies":[{"name":"wp","href":"https:\/\/api.w.org\/{rel}","templated":true}]}}