{"id":620,"date":"2020-07-06T08:53:01","date_gmt":"2020-07-06T08:53:01","guid":{"rendered":"http:\/\/www.lojze.si\/spela\/?page_id=620"},"modified":"2020-07-08T08:02:19","modified_gmt":"2020-07-08T08:02:19","slug":"izleti-po-istri","status":"publish","type":"page","link":"http:\/\/www.lojze.si\/spela\/izleti-po-istri\/","title":{"rendered":"Izleti po Istri"},"content":{"rendered":"<p>Poleg spodnjih izletov skriva in odkriva Istra vsaki\u010d kaj novega. Za nadaljnje raziskovanje si oglej tudi:<\/p>\n<ul>\n<li><a href=\"http:\/\/www.istria-trails.com\/\" target=\"_blank\" rel=\"noopener\">http:\/\/www.istria-trails.com\/<\/a><\/li>\n<li><a href=\"http:\/\/www.istria-culture.com\/en\" target=\"_blank\" rel=\"noopener\">http:\/\/www.istria-culture.com\/en<\/a><\/li>\n<\/ul>\n<h2>Buzetski kanjon<\/h2>\n<div id=\"attachment_651\" style=\"width: 310px\" class=\"wp-caption alignright\"><img aria-describedby=\"caption-attachment-651\" decoding=\"async\" loading=\"lazy\" class=\"wp-image-651 size-medium\" src=\"http:\/\/www.lojze.si\/spela\/wp-content\/uploads\/2020\/07\/20200701_114156-300x225.jpg\" alt=\"\" width=\"300\" height=\"225\" srcset=\"http:\/\/www.lojze.si\/spela\/wp-content\/uploads\/2020\/07\/20200701_114156-300x225.jpg 300w, http:\/\/www.lojze.si\/spela\/wp-content\/uploads\/2020\/07\/20200701_114156-768x576.jpg 768w, http:\/\/www.lojze.si\/spela\/wp-content\/uploads\/2020\/07\/20200701_114156-1024x768.jpg 1024w\" sizes=\"(max-width: 300px) 100vw, 300px\" \/><p id=\"caption-attachment-651\" class=\"wp-caption-text\">Guncanje ob previsnih stenah Buzetskega kanjona<\/p><\/div>\n<p>Blizu Buzeta je v kra\u0161kem osamelcu skrit kanjon, kjer je sicer tudi plezali\u0161\u010de, a se obisk spla\u010da tudi neplezalcem. Skozenj je namre\u010d urejena kratka pot, ki vodi mimo sedmih slapov in njih tolmunov, po vsem kanjonu pa so speljane zajle za lagodno poplezavanje ali celo spust z ziplinom. \u010ce se kanjon obi\u0161\u010de v \u010dasu, ko je vode malo, slapov verjetno ne bo, zato pa se lahko del poti prehodi po strugi in ob\u010duduje balvane, ki jih je izdolbla voda.<\/p>\n<div id=\"attachment_652\" style=\"width: 235px\" class=\"wp-caption alignright\"><img aria-describedby=\"caption-attachment-652\" decoding=\"async\" loading=\"lazy\" class=\"wp-image-652 size-medium\" src=\"http:\/\/www.lojze.si\/spela\/wp-content\/uploads\/2020\/07\/20200701_113704-e1594183812801-225x300.jpg\" alt=\"\" width=\"225\" height=\"300\" srcset=\"http:\/\/www.lojze.si\/spela\/wp-content\/uploads\/2020\/07\/20200701_113704-e1594183812801-225x300.jpg 225w, http:\/\/www.lojze.si\/spela\/wp-content\/uploads\/2020\/07\/20200701_113704-e1594183812801-768x1024.jpg 768w\" sizes=\"(max-width: 225px) 100vw, 225px\" \/><p id=\"caption-attachment-652\" class=\"wp-caption-text\">Plezali\u0161\u010de je lepo, a te\u017eko<\/p><\/div>\n<p>Za raziskovanje kanjona z vsemi\u00a0zajlami vred ra\u010dunaj 1-2 uri. Za celotno pot sedmih slapov, ki vodi do vrha kanjona in kro\u017eno zavije nazaj na izhodi\u0161\u010de, pa po uradnih informacijah okoli 5 ur, vendar je poleti zanjo treba vzeti veliko vode in pokrivalo.<\/p>\n<p><iframe loading=\"lazy\" style=\"border: 0;\" tabindex=\"0\" src=\"https:\/\/www.google.com\/maps\/embed?pb=!1m18!1m12!1m3!1d11206.104961659728!2d13.975660800933829!3d45.398726831444165!2m3!1f0!2f0!3f0!3m2!1i1024!2i768!4f13.1!3m3!1m2!1s0x477b57714acf15b3%3A0x6814c6487fbe7410!2sStaza%20sedam%20slapova!5e0!3m2!1sen!2ssi!4v1593944471345!5m2!1sen!2ssi\" width=\"600\" height=\"450\" frameborder=\"0\" allowfullscreen=\"allowfullscreen\" aria-hidden=\"false\"><\/iframe><\/p>\n<h2>Slap Sopot in Pi\u0107an<\/h2>\n<div id=\"attachment_637\" style=\"width: 285px\" class=\"wp-caption alignleft\"><img aria-describedby=\"caption-attachment-637\" decoding=\"async\" loading=\"lazy\" class=\"wp-image-637 size-full\" src=\"http:\/\/www.lojze.si\/spela\/wp-content\/uploads\/2020\/07\/download.jpeg\" alt=\"\" width=\"275\" height=\"183\" \/><p id=\"caption-attachment-637\" class=\"wp-caption-text\">Nepravi Sopot brez vode pri Buzetu<\/p><\/div>\n<div id=\"attachment_650\" style=\"width: 310px\" class=\"wp-caption alignnone\"><img aria-describedby=\"caption-attachment-650\" decoding=\"async\" loading=\"lazy\" class=\"wp-image-650 size-medium\" src=\"http:\/\/www.lojze.si\/spela\/wp-content\/uploads\/2020\/07\/20200702_111115-300x225.jpg\" alt=\"\" width=\"300\" height=\"225\" srcset=\"http:\/\/www.lojze.si\/spela\/wp-content\/uploads\/2020\/07\/20200702_111115-300x225.jpg 300w, http:\/\/www.lojze.si\/spela\/wp-content\/uploads\/2020\/07\/20200702_111115-768x576.jpg 768w, http:\/\/www.lojze.si\/spela\/wp-content\/uploads\/2020\/07\/20200702_111115-1024x768.jpg 1024w\" sizes=\"(max-width: 300px) 100vw, 300px\" \/><p id=\"caption-attachment-650\" class=\"wp-caption-text\">Pravi Sopot v bli\u017eini Pazina<\/p><\/div>\n<div id=\"attachment_649\" style=\"width: 310px\" class=\"wp-caption alignnone\"><img aria-describedby=\"caption-attachment-649\" decoding=\"async\" loading=\"lazy\" class=\"wp-image-649 size-medium\" src=\"http:\/\/www.lojze.si\/spela\/wp-content\/uploads\/2020\/07\/20200702_111802-300x225.jpg\" alt=\"\" width=\"300\" height=\"225\" srcset=\"http:\/\/www.lojze.si\/spela\/wp-content\/uploads\/2020\/07\/20200702_111802-300x225.jpg 300w, http:\/\/www.lojze.si\/spela\/wp-content\/uploads\/2020\/07\/20200702_111802-768x576.jpg 768w, http:\/\/www.lojze.si\/spela\/wp-content\/uploads\/2020\/07\/20200702_111802-1024x768.jpg 1024w\" sizes=\"(max-width: 300px) 100vw, 300px\" \/><p id=\"caption-attachment-649\" class=\"wp-caption-text\">Na lovu za \u017eelvo<\/p><\/div>\n<p>Istra ima ve\u010d slapov po imenu Sopot, eden je recimo pri Buzetu, kjer se nad visokim kra\u0161kim spodmolom voda pretaka skozi okroglo luknjo v stropu. Vendar ta vode nima \u017ee ve\u010d let, medtem ko je &#8220;na\u0161&#8221; Sopot pri Pazinu absolutno spektakularna geohidrolo\u0161ka tvorba v vseh letnih \u010dasih in vodostajih. Ko najde\u0161 parkiri\u0161\u010de v \u0160krbanih, do razgledi\u0161\u010da na slap vodi kratka pot po pe\u0161\u010denem kolovozu navzdol. Z vrha smo od dale\u010d opazovali tudi \u017eelvo, ki je plavala po smaragdnem jezercu spodaj. \u010ce gre\u0161 \u010dez mosti\u010d in levo, vodi strma potka do dna globeli, ob visoki vodi se je mo\u017eno namo\u010diti v jezercu, \u010de ne pa sprehoditi po suhi strugi z d\u017eunglo naokrog. Ni slabo, \u010de ima\u0161 s seboj Autan.<\/p>\n<p><iframe loading=\"lazy\" style=\"border: 0;\" tabindex=\"0\" src=\"https:\/\/www.google.com\/maps\/embed?pb=!1m18!1m12!1m3!1d2810.3070099671318!2d14.044780250552662!3d45.22135695753384!2m3!1f0!2f0!3f0!3m2!1i1024!2i768!4f13.1!3m3!1m2!1s0x477cadc75cdfff59%3A0xd7f56992bcb7b71a!2sSlap%20Sopot!5e0!3m2!1sen!2ssi!4v1594049550061!5m2!1sen!2ssi\" width=\"600\" height=\"450\" frameborder=\"0\" allowfullscreen=\"allowfullscreen\" aria-hidden=\"false\"><\/iframe><\/p>\n<p>V bli\u017eini je na izraziti vzpetini \u0161e vasica Pi\u0107an, \u017ee od dale\u010d opazna zaradi visokega zvonika. Po kamnitem jedru Pi\u0107ana se sprehodi\u0161 v 10 minutah, obiskovalcev je malo in va\u0161\u010danov \u0161e manj, z razgledne to\u010dke pod lipo na robu obzidja pa se vidi vsa U\u010dka in \u010cepi\u010dko polje.<\/p>\n<div id=\"attachment_647\" style=\"width: 235px\" class=\"wp-caption alignnone\"><img aria-describedby=\"caption-attachment-647\" decoding=\"async\" loading=\"lazy\" class=\"wp-image-647 size-medium\" src=\"http:\/\/www.lojze.si\/spela\/wp-content\/uploads\/2020\/07\/20200702_125352-e1594183711809-225x300.jpg\" alt=\"\" width=\"225\" height=\"300\" srcset=\"http:\/\/www.lojze.si\/spela\/wp-content\/uploads\/2020\/07\/20200702_125352-e1594183711809-225x300.jpg 225w, http:\/\/www.lojze.si\/spela\/wp-content\/uploads\/2020\/07\/20200702_125352-e1594183711809-768x1024.jpg 768w\" sizes=\"(max-width: 225px) 100vw, 225px\" \/><p id=\"caption-attachment-647\" class=\"wp-caption-text\">Uli\u010dice Pi\u0107ana<\/p><\/div>\n<div id=\"attachment_645\" style=\"width: 235px\" class=\"wp-caption alignnone\"><img aria-describedby=\"caption-attachment-645\" decoding=\"async\" loading=\"lazy\" class=\"wp-image-645 size-medium\" src=\"http:\/\/www.lojze.si\/spela\/wp-content\/uploads\/2020\/07\/20200702_130525-e1594183784835-225x300.jpg\" alt=\"\" width=\"225\" height=\"300\" srcset=\"http:\/\/www.lojze.si\/spela\/wp-content\/uploads\/2020\/07\/20200702_130525-e1594183784835-225x300.jpg 225w, http:\/\/www.lojze.si\/spela\/wp-content\/uploads\/2020\/07\/20200702_130525-e1594183784835-768x1024.jpg 768w\" sizes=\"(max-width: 225px) 100vw, 225px\" \/><p id=\"caption-attachment-645\" class=\"wp-caption-text\">Pi\u0107anski zvonik<\/p><\/div>\n<div id=\"attachment_646\" style=\"width: 409px\" class=\"wp-caption alignnone\"><img aria-describedby=\"caption-attachment-646\" decoding=\"async\" loading=\"lazy\" class=\"wp-image-646\" src=\"http:\/\/www.lojze.si\/spela\/wp-content\/uploads\/2020\/07\/20200702_125647-300x225.jpg\" alt=\"\" width=\"399\" height=\"299\" srcset=\"http:\/\/www.lojze.si\/spela\/wp-content\/uploads\/2020\/07\/20200702_125647-300x225.jpg 300w, http:\/\/www.lojze.si\/spela\/wp-content\/uploads\/2020\/07\/20200702_125647-768x576.jpg 768w, http:\/\/www.lojze.si\/spela\/wp-content\/uploads\/2020\/07\/20200702_125647-1024x768.jpg 1024w\" sizes=\"(max-width: 399px) 100vw, 399px\" \/><p id=\"caption-attachment-646\" class=\"wp-caption-text\">Razgled proti U\u010dki izpod Pi\u0107anske lipe<\/p><\/div>\n<p>&nbsp;<\/p>\n<p>&nbsp;<\/p>\n<h2>Brse\u010d<\/h2>\n<div style=\"width: 488px\" class=\"wp-caption alignright\"><img decoding=\"async\" loading=\"lazy\" src=\"http:\/\/www.lojze.si\/spela\/wp-content\/uploads\/2020\/07\/IMG_20161218_143024.jpg\" alt=\"pogled na kvarner\" width=\"478\" height=\"269\" \/><p class=\"wp-caption-text\">Pogled na Brse\u010d s poti na Sisol<\/p><\/div>\n<p>Vsi poznamo Brse\u010d, ker je tako ljubka srednjeve\u0161ka vas z dramati\u010dno lokacijo na robu sten, ki se jih dobro vidi recimo s trajekta Brestova-Porozina. Ve\u010dina hi\u0161 v vasi je baje s 17. stoletja, na mnogih se najde kak napis v glagolici. Sredi vasi je picerija, zraven picerije nepresku\u0161ena konoba, malo naprej pa tudi trgovinica.<br \/>\nV hladnej\u0161ih letnih \u010dasih je Brse\u010d izhodi\u0161\u010de za vzpon na Sisol, predvrh U\u010dke, s katerega se nudijo \u010dudoviti razgledi na Kvarnerski zaliv. Markirana pot se za\u010dne vzpenjati z glavne ceste nasproti odcepa za Brse\u010d, \u010de prihaja\u0161 s puljske strani; tam so tri stopnice in oznaka za Sisol. Do vrha je kako uro in pol, na vrhu pa o\u010dara tudi pogled na drugo stran in prepadne stene severnega pobo\u010dja U\u010dke.<\/p>\n<div style=\"width: 468px\" class=\"wp-caption alignnone\"><img decoding=\"async\" loading=\"lazy\" src=\"http:\/\/www.lojze.si\/spela\/wp-content\/uploads\/2020\/07\/IMG_20161218_133519.jpg\" alt=\"Selfi na vrhu Sisola\" width=\"458\" height=\"343\" \/><p class=\"wp-caption-text\">Vesela mularija na vrhu<\/p><\/div>\n<div id=\"attachment_631\" style=\"width: 425px\" class=\"wp-caption alignright\"><img aria-describedby=\"caption-attachment-631\" decoding=\"async\" loading=\"lazy\" class=\"wp-image-631\" src=\"http:\/\/www.lojze.si\/spela\/wp-content\/uploads\/2020\/07\/IMG_20161218_125510-300x169.jpg\" alt=\"\" width=\"415\" height=\"234\" srcset=\"http:\/\/www.lojze.si\/spela\/wp-content\/uploads\/2020\/07\/IMG_20161218_125510-300x169.jpg 300w, http:\/\/www.lojze.si\/spela\/wp-content\/uploads\/2020\/07\/IMG_20161218_125510-768x432.jpg 768w, http:\/\/www.lojze.si\/spela\/wp-content\/uploads\/2020\/07\/IMG_20161218_125510-1024x576.jpg 1024w\" sizes=\"(max-width: 415px) 100vw, 415px\" \/><p id=\"caption-attachment-631\" class=\"wp-caption-text\">Pogled z vrha proti \u0106epi\u0107kemu polju<\/p><\/div>\n<p>Druga opcija, \u0161e posebej poleti, je sprehod od vasi do rta \u0160ip, kjer je super mesto za kopanje in skakanje v vodo. Ta pot se pri\u010dne zadaj za va\u0161kim zvonikom, je tudi markirana in traja do dol slabe pol ure.<\/p>\n<div id=\"attachment_644\" style=\"width: 518px\" class=\"wp-caption alignnone\"><img aria-describedby=\"caption-attachment-644\" decoding=\"async\" loading=\"lazy\" class=\"wp-image-644\" src=\"http:\/\/www.lojze.si\/spela\/wp-content\/uploads\/2020\/07\/20200702_153603-1-300x225.jpg\" alt=\"\" width=\"508\" height=\"381\" srcset=\"http:\/\/www.lojze.si\/spela\/wp-content\/uploads\/2020\/07\/20200702_153603-1-300x225.jpg 300w, http:\/\/www.lojze.si\/spela\/wp-content\/uploads\/2020\/07\/20200702_153603-1-768x576.jpg 768w, http:\/\/www.lojze.si\/spela\/wp-content\/uploads\/2020\/07\/20200702_153603-1-1024x768.jpg 1024w\" sizes=\"(max-width: 508px) 100vw, 508px\" \/><p id=\"caption-attachment-644\" class=\"wp-caption-text\">Divji rt \u0160ip in raz\u010dlenjena kra\u0161ka obala<\/p><\/div>\n<h2>Stari Rakalj<\/h2>\n<p><img decoding=\"async\" loading=\"lazy\" class=\"size-medium wp-image-635 alignleft\" src=\"http:\/\/www.lojze.si\/spela\/wp-content\/uploads\/2020\/07\/IMG_20180618_121008-300x169.jpg\" alt=\"\" width=\"300\" height=\"169\" srcset=\"http:\/\/www.lojze.si\/spela\/wp-content\/uploads\/2020\/07\/IMG_20180618_121008-300x169.jpg 300w, http:\/\/www.lojze.si\/spela\/wp-content\/uploads\/2020\/07\/IMG_20180618_121008-768x432.jpg 768w, http:\/\/www.lojze.si\/spela\/wp-content\/uploads\/2020\/07\/IMG_20180618_121008-1024x576.jpg 1024w\" sizes=\"(max-width: 300px) 100vw, 300px\" \/>Zaliv Ra\u0161e je primeren tudi za raziskovanje z barko ali kajakom. \u010ce plovil ni na razpolago, se da z avtom zapeljati v Stari Rakalj, kjer je s cerkvice na hribu lep razgled na Ra\u0161ki zaliv. V 10 minutah se s cerkvice spusti\u0161 do obale, kjer je celo povsem uporabna konoba, pa tudi pe\u0161pot do bli\u017enje pla\u017ee.<\/p>\n<p><img decoding=\"async\" loading=\"lazy\" class=\" wp-image-632 alignleft\" src=\"http:\/\/www.lojze.si\/spela\/wp-content\/uploads\/2020\/07\/IMG_20190804_121512-300x225.jpg\" alt=\"\" width=\"232\" height=\"174\" srcset=\"http:\/\/www.lojze.si\/spela\/wp-content\/uploads\/2020\/07\/IMG_20190804_121512-300x225.jpg 300w, http:\/\/www.lojze.si\/spela\/wp-content\/uploads\/2020\/07\/IMG_20190804_121512-768x576.jpg 768w, http:\/\/www.lojze.si\/spela\/wp-content\/uploads\/2020\/07\/IMG_20190804_121512-1024x768.jpg 1024w\" sizes=\"(max-width: 232px) 100vw, 232px\" \/><\/p>\n<p>&nbsp;<\/p>\n<p><img decoding=\"async\" loading=\"lazy\" class=\"size-medium wp-image-633 alignleft\" src=\"http:\/\/www.lojze.si\/spela\/wp-content\/uploads\/2020\/07\/IMG_20190804_121826-300x225.jpg\" alt=\"\" width=\"300\" height=\"225\" srcset=\"http:\/\/www.lojze.si\/spela\/wp-content\/uploads\/2020\/07\/IMG_20190804_121826-300x225.jpg 300w, http:\/\/www.lojze.si\/spela\/wp-content\/uploads\/2020\/07\/IMG_20190804_121826-768x576.jpg 768w, http:\/\/www.lojze.si\/spela\/wp-content\/uploads\/2020\/07\/IMG_20190804_121826-1024x768.jpg 1024w\" sizes=\"(max-width: 300px) 100vw, 300px\" \/><\/p>\n<p>&nbsp;<\/p>\n<p>&nbsp;<\/p>\n<p>&nbsp;<\/p>\n<p>&nbsp;<\/p>\n<p>&nbsp;<\/p>\n<p>&nbsp;<\/p>\n<p>&nbsp;<\/p>\n<h2>Vranjska draga<\/h2>\n<p>Spet ena od lokacij, ki je sicer tudi plezali\u0161\u010de, druga\u010de pa impozantna kra\u0161ka udornica z belimi apnen\u010dastimi stebri in drugimi kra\u0161kimi oblikami ter bujnim rastjem na dnu. Skozi Vranjsko drago vodi u\u010dna pot z info tablami, ki pojasnjujejo geotektonski nastanek te enkratne naravne znamenitosti.<\/p>\n<p>&nbsp;<\/p>\n<p>Observatorij Vi\u0161njan<br \/>\nKa\u0161tel Pietrapelosa<br \/>\nJama Baredine<\/p>\n<h2>Stari Labin in Sentoninina pot<\/h2>\n<p>V starem Labinu je na glavnem trgu prijeten lokal v senci kamnitih obokov, kjer na kavi sedijo tudi lokalni umetniki in modrujejo z natakarjem. Nad starim jedrom je bil navdu\u0161en tudi <a href=\"https:\/\/www.had.si\/blog\/2019\/06\/11\/stari-del-mesta-labin-odkrivanje-istre-ideja-za-izlet\/\">tale bloger<\/a>, mene pa bi bolj kot cerkvice zanimala <a href=\"http:\/\/www.istria-culture.com\/en\/the-sentonas-trail-i126\">Sentoninina pot<\/a> do Rabca, ki bojda vodi ob tolmunih in malih slapovih do morja. Zaenkrat nepresku\u0161eno, a bo gotovo kmalu pri\u0161lo na vrsto&#8230;<\/p>\n<p>&nbsp;<\/p>\n","protected":false},"excerpt":{"rendered":"<p>Poleg spodnjih izletov skriva in odkriva Istra vsaki\u010d kaj novega. Za nadaljnje raziskovanje si oglej tudi: http:\/\/www.istria-trails.com\/ http:\/\/www.istria-culture.com\/en Buzetski kanjon Blizu Buzeta je v kra\u0161kem osamelcu skrit kanjon, kjer je sicer tudi plezali\u0161\u010de, a se obisk spla\u010da tudi neplezalcem. Skozenj je namre\u010d urejena kratka pot, ki vodi mimo sedmih slapov in njih tolmunov, po vsem [&hellip;]<\/p>\n","protected":false},"author":4,"featured_media":0,"parent":0,"menu_order":0,"comment_status":"closed","ping_status":"closed","template":"","meta":[],"_links":{"self":[{"href":"http:\/\/www.lojze.si\/spela\/wp-json\/wp\/v2\/pages\/620"}],"collection":[{"href":"http:\/\/www.lojze.si\/spela\/wp-json\/wp\/v2\/pages"}],"about":[{"href":"http:\/\/www.lojze.si\/spela\/wp-json\/wp\/v2\/types\/page"}],"author":[{"embeddable":true,"href":"http:\/\/www.lojze.si\/spela\/wp-json\/wp\/v2\/users\/4"}],"replies":[{"embeddable":true,"href":"http:\/\/www.lojze.si\/spela\/wp-json\/wp\/v2\/comments?post=620"}],"version-history":[{"count":19,"href":"http:\/\/www.lojze.si\/spela\/wp-json\/wp\/v2\/pages\/620\/revisions"}],"predecessor-version":[{"id":788,"href":"http:\/\/www.lojze.si\/spela\/wp-json\/wp\/v2\/pages\/620\/revisions\/788"}],"wp:attachment":[{"href":"http:\/\/www.lojze.si\/spela\/wp-json\/wp\/v2\/media?parent=620"}],"curies":[{"name":"wp","href":"https:\/\/api.w.org\/{rel}","templated":true}]}}